{"id":140,"date":"2012-09-23T19:21:16","date_gmt":"2012-09-23T19:21:16","guid":{"rendered":"http:\/\/bergsbrunnaparken.se\/?page_id=140"},"modified":"2023-08-12T14:31:20","modified_gmt":"2023-08-12T14:31:20","slug":"protokoll","status":"publish","type":"page","link":"https:\/\/bergsbrunnaparken.se\/?page_id=140","title":{"rendered":"Protokoll"},"content":{"rendered":"<p>Protokoll fr\u00e5n f\u00f6reningens \u00e5rsst\u00e4mmor<\/p>\n<div><\/div>\n<ul>\n<li><a href=\"https:\/\/drive.google.com\/drive\/folders\/1566zUDajSCZUeI6sFV9RKyDB5UZ50nne\">\u00c5rsst\u00e4mma 2023<\/a><\/li>\n<li><a href=\"https:\/\/drive.google.com\/drive\/folders\/1Qk5-zV9YRlYkuw2r8QJ64QBMdAwTkRrW\">\u00c5rsst\u00e4mma 2022<\/a><\/li>\n<li><a href=\"http:\/\/bergsbrunnaparken.se\/wp-content\/uploads\/2021\/03\/20200623_\u00e5rst\u00e4mma_protokoll.pdf\">\u00c5rsst\u00e4mma 2020<\/a><\/li>\n<li><a href=\"http:\/\/bergsbrunnaparken.se\/wp-content\/uploads\/2019\/06\/\u00c5rsst\u00e4mma-2018.pdf\">\u00c5rsst\u00e4mma 2019<\/a><\/li>\n<li><a href=\"http:\/\/bergsbrunnaparken.se\/wp-content\/uploads\/2018\/08\/20180523_\u00e5rst\u00e4mma_protokoll.pdf\">\u00c5rsst\u00e4mma 2018<\/a><\/li>\n<li><a href=\"http:\/\/bergsbrunnaparken.se\/wp-content\/uploads\/2012\/09\/\u00c5rsst\u00e4mma-2017.pdf\">\u00c5rsst\u00e4mma 2017<\/a><\/li>\n<li><a href=\"http:\/\/bergsbrunnaparken.se\/?attachment_id=246\">Extrast\u00e4mma Januari 2017<\/a><\/li>\n<\/ul>\n","protected":false},"excerpt":{"rendered":"<p>Protokoll fr\u00e5n f\u00f6reningens \u00e5rsst\u00e4mmor \u00c5rsst\u00e4mma 2023 \u00c5rsst\u00e4mma 2022 \u00c5rsst\u00e4mma 2020 \u00c5rsst\u00e4mma 2019 \u00c5rsst\u00e4mma 2018 \u00c5rsst\u00e4mma 2017 Extrast\u00e4mma Januari 2017<\/p>\n","protected":false},"author":1,"featured_media":0,"parent":0,"menu_order":0,"comment_status":"closed","ping_status":"closed","template":"","meta":[],"_links":{"self":[{"href":"https:\/\/bergsbrunnaparken.se\/index.php?rest_route=\/wp\/v2\/pages\/140"}],"collection":[{"href":"https:\/\/bergsbrunnaparken.se\/index.php?rest_route=\/wp\/v2\/pages"}],"about":[{"href":"https:\/\/bergsbrunnaparken.se\/index.php?rest_route=\/wp\/v2\/types\/page"}],"author":[{"embeddable":true,"href":"https:\/\/bergsbrunnaparken.se\/index.php?rest_route=\/wp\/v2\/users\/1"}],"replies":[{"embeddable":true,"href":"https:\/\/bergsbrunnaparken.se\/index.php?rest_route=%2Fwp%2Fv2%2Fcomments&post=140"}],"version-history":[{"count":29,"href":"https:\/\/bergsbrunnaparken.se\/index.php?rest_route=\/wp\/v2\/pages\/140\/revisions"}],"predecessor-version":[{"id":507,"href":"https:\/\/bergsbrunnaparken.se\/index.php?rest_route=\/wp\/v2\/pages\/140\/revisions\/507"}],"wp:attachment":[{"href":"https:\/\/bergsbrunnaparken.se\/index.php?rest_route=%2Fwp%2Fv2%2Fmedia&parent=140"}],"curies":[{"name":"wp","href":"https:\/\/api.w.org\/{rel}","templated":true}]}}